{"id":8,"date":"2024-07-04T16:29:24","date_gmt":"2024-07-04T14:29:24","guid":{"rendered":"https:\/\/instaczysta.pl\/?page_id=8"},"modified":"2024-07-04T21:22:25","modified_gmt":"2024-07-04T19:22:25","slug":"instadom","status":"publish","type":"page","link":"https:\/\/instaczysta.pl\/","title":{"rendered":"Instadom"},"content":{"rendered":"\n<h4 class=\"wp-block-heading has-text-align-center header-text\"><a href=\"https:\/\/www.instagram.com\/flawia.dom\/\" target=\"_blank\" rel=\"noreferrer noopener\">@flawia.dom<\/a><\/h4>\n\n\n\n<h4 class=\"wp-block-heading has-text-align-center\">Skorzystaj z bezp\u0142atnych konsultacji i dowiedz si\u0119 jak \u0142atwo dba\u0107 o dom i zyska\u0107 wi\u0119cej wolnego czasu<\/h4>\n\n\n\n<div class=\"wpforms-container wpforms-container-full wpforms-render-modern\" id=\"wpforms-11\"><form id=\"wpforms-form-11\" class=\"wpforms-validate wpforms-form wpforms-ajax-form\" data-formid=\"11\" method=\"post\" enctype=\"multipart\/form-data\" action=\"\/index.php?rest_route=%2Fwp%2Fv2%2Fpages%2F8\" data-token=\"6c79946eb2c935a221ff5fb9850f1ca2\" data-token-time=\"1776594713\"><noscript class=\"wpforms-error-noscript\">Please enable JavaScript in your browser to complete this form.<\/noscript><div class=\"wpforms-hidden\" id=\"wpforms-error-noscript\">Please enable JavaScript in your browser to complete this form.<\/div><div class=\"wpforms-field-container\"><div id=\"wpforms-11-field_1-container\" class=\"wpforms-field wpforms-field-text\" data-field-id=\"1\"><label class=\"wpforms-field-label\" for=\"wpforms-11-field_1\">Imi\u0119 i nazwisko <span class=\"wpforms-required-label\" aria-hidden=\"true\">*<\/span><\/label><input type=\"text\" id=\"wpforms-11-field_1\" class=\"wpforms-field-medium wpforms-field-required\" name=\"wpforms[fields][1]\" placeholder=\"Twoje imi\u0119 i nazwisko\" aria-errormessage=\"wpforms-11-field_1-error\" required><\/div><div id=\"wpforms-11-field_2-container\" class=\"wpforms-field wpforms-field-text\" data-field-id=\"2\"><label class=\"wpforms-field-label\" for=\"wpforms-11-field_2\">E mail <span class=\"wpforms-required-label\" aria-hidden=\"true\">*<\/span><\/label><input type=\"text\" id=\"wpforms-11-field_2\" class=\"wpforms-field-medium wpforms-field-required\" name=\"wpforms[fields][2]\" placeholder=\"Tw\u00f3j e mail\" aria-errormessage=\"wpforms-11-field_2-error\" required><\/div><div id=\"wpforms-11-field_3-container\" class=\"wpforms-field wpforms-field-text\" data-field-id=\"3\"><label class=\"wpforms-field-label\" for=\"wpforms-11-field_3\">Numer telefonu (opcjonalne)<\/label><input type=\"text\" id=\"wpforms-11-field_3\" class=\"wpforms-field-medium\" name=\"wpforms[fields][3]\" placeholder=\"Tw\u00f3j numer telefonu\" aria-errormessage=\"wpforms-11-field_3-error\" ><\/div><div id=\"wpforms-11-field_4-container\" class=\"wpforms-field wpforms-field-text\" data-field-id=\"4\"><label class=\"wpforms-field-label\" for=\"wpforms-11-field_4\">Nazwa @ na Instagramie <span class=\"wpforms-required-label\" aria-hidden=\"true\">*<\/span><\/label><input type=\"text\" id=\"wpforms-11-field_4\" class=\"wpforms-field-medium wpforms-field-required\" name=\"wpforms[fields][4]\" placeholder=\"Twoja nazwa na instagramie\" aria-errormessage=\"wpforms-11-field_4-error\" required><\/div><div id=\"wpforms-11-field_5-container\" class=\"wpforms-field wpforms-field-checkbox\" data-field-id=\"5\"><fieldset><legend class=\"wpforms-field-label\"> <span class=\"wpforms-required-label\" aria-hidden=\"true\">*<\/span><\/legend><ul id=\"wpforms-11-field_5\" class=\"wpforms-field-required\"><li class=\"choice-1 depth-1\"><input type=\"checkbox\" id=\"wpforms-11-field_5_1\" name=\"wpforms[fields][5][]\" value=\"Wyra\u017cam zgod\u0119 na przetwarzanie i wykorzystywanie danych osobowych dla cel\u00f3w marketingowych i handlowych.\" aria-errormessage=\"wpforms-11-field_5_1-error\" required ><label class=\"wpforms-field-label-inline\" for=\"wpforms-11-field_5_1\">Wyra\u017cam zgod\u0119 na przetwarzanie i wykorzystywanie danych osobowych dla cel\u00f3w marketingowych i handlowych.<\/label><\/li><\/ul><\/fieldset><\/div><\/div><!-- .wpforms-field-container --><div class=\"wpforms-submit-container\" ><input type=\"hidden\" name=\"wpforms[id]\" value=\"11\"><input type=\"hidden\" name=\"page_title\" value=\"\"><input type=\"hidden\" name=\"page_url\" value=\"https:\/\/instaczysta.pl\/index.php?rest_route=%2Fwp%2Fv2%2Fpages%2F8\"><button type=\"submit\" name=\"wpforms[submit]\" id=\"wpforms-submit-11\" class=\"wpforms-submit\" data-alt-text=\"Wysy\u0142anie...\" data-submit-text=\"Zapisz si\u0119 na list\u0119 oczekuj\u0105cych\" aria-live=\"assertive\" value=\"wpforms-submit\">Zapisz si\u0119 na list\u0119 oczekuj\u0105cych<\/button><img decoding=\"async\" src=\"https:\/\/instaczysta.pl\/wp-content\/plugins\/wpforms-lite\/assets\/images\/submit-spin.svg\" class=\"wpforms-submit-spinner\" style=\"display: none;\" width=\"26\" height=\"26\" alt=\"Loading\"><\/div><\/form><\/div>  <!-- .wpforms-container -->\n\n\n\n<p class=\"has-text-align-center\" style=\"font-size:10px\">Zapisanie si\u0119 na list\u0119 jest informacyjne i nie zobowi\u0105zuje do niczego.<\/p>\n","protected":false},"excerpt":{"rendered":"<p>@flawia.dom Skorzystaj z bezp\u0142atnych konsultacji i dowiedz si\u0119 jak \u0142atwo dba\u0107 o dom i zyska\u0107 wi\u0119cej wolnego czasu Zapisanie si\u0119 na list\u0119 jest informacyjne i nie zobowi\u0105zuje do niczego.<\/p>\n","protected":false},"author":1,"featured_media":0,"parent":0,"menu_order":0,"comment_status":"closed","ping_status":"closed","template":"","meta":{"footnotes":""},"class_list":["post-8","page","type-page","status-publish","hentry"],"yoast_head":"<!-- This site is optimized with the Yoast SEO plugin v26.0 - https:\/\/yoast.com\/wordpress\/plugins\/seo\/ -->\n<title>Instadom - Instaczysta<\/title>\n<meta name=\"robots\" content=\"index, follow, max-snippet:-1, max-image-preview:large, max-video-preview:-1\" \/>\n<link rel=\"canonical\" href=\"https:\/\/instaczysta.pl\/\" \/>\n<meta property=\"og:locale\" content=\"en_US\" \/>\n<meta property=\"og:type\" content=\"article\" \/>\n<meta property=\"og:title\" content=\"Instadom - Instaczysta\" \/>\n<meta property=\"og:description\" content=\"@flawia.dom Skorzystaj z bezp\u0142atnych konsultacji i dowiedz si\u0119 jak \u0142atwo dba\u0107 o dom i zyska\u0107 wi\u0119cej wolnego czasu Zapisanie si\u0119 na list\u0119 jest informacyjne i nie zobowi\u0105zuje do niczego.\" \/>\n<meta property=\"og:url\" content=\"https:\/\/instaczysta.pl\/\" \/>\n<meta property=\"og:site_name\" content=\"Instaczysta\" \/>\n<meta property=\"article:modified_time\" content=\"2024-07-04T19:22:25+00:00\" \/>\n<meta name=\"twitter:card\" content=\"summary_large_image\" \/>\n<script type=\"application\/ld+json\" class=\"yoast-schema-graph\">{\"@context\":\"https:\/\/schema.org\",\"@graph\":[{\"@type\":\"WebPage\",\"@id\":\"https:\/\/instaczysta.pl\/\",\"url\":\"https:\/\/instaczysta.pl\/\",\"name\":\"Instadom - Instaczysta\",\"isPartOf\":{\"@id\":\"https:\/\/instaczysta.pl\/#website\"},\"datePublished\":\"2024-07-04T14:29:24+00:00\",\"dateModified\":\"2024-07-04T19:22:25+00:00\",\"breadcrumb\":{\"@id\":\"https:\/\/instaczysta.pl\/#breadcrumb\"},\"inLanguage\":\"en-US\",\"potentialAction\":[{\"@type\":\"ReadAction\",\"target\":[\"https:\/\/instaczysta.pl\/\"]}]},{\"@type\":\"BreadcrumbList\",\"@id\":\"https:\/\/instaczysta.pl\/#breadcrumb\",\"itemListElement\":[{\"@type\":\"ListItem\",\"position\":1,\"name\":\"Strona g\u0142\u00f3wna\",\"item\":\"https:\/\/instaczysta.pl\/\"},{\"@type\":\"ListItem\",\"position\":2,\"name\":\"Instadom\"}]},{\"@type\":\"WebSite\",\"@id\":\"https:\/\/instaczysta.pl\/#website\",\"url\":\"https:\/\/instaczysta.pl\/\",\"name\":\"Instaczysta\",\"description\":\"\",\"potentialAction\":[{\"@type\":\"SearchAction\",\"target\":{\"@type\":\"EntryPoint\",\"urlTemplate\":\"https:\/\/instaczysta.pl\/?s={search_term_string}\"},\"query-input\":{\"@type\":\"PropertyValueSpecification\",\"valueRequired\":true,\"valueName\":\"search_term_string\"}}],\"inLanguage\":\"en-US\"}]}<\/script>\n<!-- \/ Yoast SEO plugin. -->","yoast_head_json":{"title":"Instadom - Instaczysta","robots":{"index":"index","follow":"follow","max-snippet":"max-snippet:-1","max-image-preview":"max-image-preview:large","max-video-preview":"max-video-preview:-1"},"canonical":"https:\/\/instaczysta.pl\/","og_locale":"en_US","og_type":"article","og_title":"Instadom - Instaczysta","og_description":"@flawia.dom Skorzystaj z bezp\u0142atnych konsultacji i dowiedz si\u0119 jak \u0142atwo dba\u0107 o dom i zyska\u0107 wi\u0119cej wolnego czasu Zapisanie si\u0119 na list\u0119 jest informacyjne i nie zobowi\u0105zuje do niczego.","og_url":"https:\/\/instaczysta.pl\/","og_site_name":"Instaczysta","article_modified_time":"2024-07-04T19:22:25+00:00","twitter_card":"summary_large_image","schema":{"@context":"https:\/\/schema.org","@graph":[{"@type":"WebPage","@id":"https:\/\/instaczysta.pl\/","url":"https:\/\/instaczysta.pl\/","name":"Instadom - Instaczysta","isPartOf":{"@id":"https:\/\/instaczysta.pl\/#website"},"datePublished":"2024-07-04T14:29:24+00:00","dateModified":"2024-07-04T19:22:25+00:00","breadcrumb":{"@id":"https:\/\/instaczysta.pl\/#breadcrumb"},"inLanguage":"en-US","potentialAction":[{"@type":"ReadAction","target":["https:\/\/instaczysta.pl\/"]}]},{"@type":"BreadcrumbList","@id":"https:\/\/instaczysta.pl\/#breadcrumb","itemListElement":[{"@type":"ListItem","position":1,"name":"Strona g\u0142\u00f3wna","item":"https:\/\/instaczysta.pl\/"},{"@type":"ListItem","position":2,"name":"Instadom"}]},{"@type":"WebSite","@id":"https:\/\/instaczysta.pl\/#website","url":"https:\/\/instaczysta.pl\/","name":"Instaczysta","description":"","potentialAction":[{"@type":"SearchAction","target":{"@type":"EntryPoint","urlTemplate":"https:\/\/instaczysta.pl\/?s={search_term_string}"},"query-input":{"@type":"PropertyValueSpecification","valueRequired":true,"valueName":"search_term_string"}}],"inLanguage":"en-US"}]}},"_links":{"self":[{"href":"https:\/\/instaczysta.pl\/index.php?rest_route=\/wp\/v2\/pages\/8","targetHints":{"allow":["GET"]}}],"collection":[{"href":"https:\/\/instaczysta.pl\/index.php?rest_route=\/wp\/v2\/pages"}],"about":[{"href":"https:\/\/instaczysta.pl\/index.php?rest_route=\/wp\/v2\/types\/page"}],"author":[{"embeddable":true,"href":"https:\/\/instaczysta.pl\/index.php?rest_route=\/wp\/v2\/users\/1"}],"replies":[{"embeddable":true,"href":"https:\/\/instaczysta.pl\/index.php?rest_route=%2Fwp%2Fv2%2Fcomments&post=8"}],"version-history":[{"count":12,"href":"https:\/\/instaczysta.pl\/index.php?rest_route=\/wp\/v2\/pages\/8\/revisions"}],"predecessor-version":[{"id":34,"href":"https:\/\/instaczysta.pl\/index.php?rest_route=\/wp\/v2\/pages\/8\/revisions\/34"}],"wp:attachment":[{"href":"https:\/\/instaczysta.pl\/index.php?rest_route=%2Fwp%2Fv2%2Fmedia&parent=8"}],"curies":[{"name":"wp","href":"https:\/\/api.w.org\/{rel}","templated":true}]}}